{"id":2473,"date":"2020-09-17T12:30:29","date_gmt":"2020-09-17T10:30:29","guid":{"rendered":"https:\/\/www.telemetrix.fr\/our-services\/"},"modified":"2020-10-05T23:14:00","modified_gmt":"2020-10-05T21:14:00","slug":"our-services","status":"publish","type":"page","link":"https:\/\/www.telemetrix.fr\/en\/our-services\/","title":{"rendered":"Our services"},"content":{"rendered":"<p>[et_pb_section fb_built=&#8221;1&#8243; _builder_version=&#8221;4.4.9&#8243; background_image=&#8221;https:\/\/www.telemetrix.fr\/wp-content\/uploads\/2020\/07\/Fond-Pr\u00e9sentation-de-l\u2019usine.png&#8221;][et_pb_row _builder_version=&#8221;4.4.9&#8243; custom_margin=&#8221;6vw|auto|3vw|auto|false|false&#8221; custom_padding=&#8221;||||false|false&#8221; animation_style=&#8221;slide&#8221; animation_duration=&#8221;1600ms&#8221;][et_pb_column type=&#8221;4_4&#8243; _builder_version=&#8221;4.4.8&#8243;][et_pb_text _builder_version=&#8221;4.4.9&#8243; text_text_color=&#8221;#ffffff&#8221; header_text_align=&#8221;center&#8221; header_text_color=&#8221;#ffffff&#8221; custom_margin=&#8221;||15px||false|false&#8221;]<\/p>\n<h1>An on-site service at all events:<\/h1>\n<p>[\/et_pb_text][et_pb_text _builder_version=&#8221;4.4.9&#8243; text_text_color=&#8221;#ffffff&#8221; header_4_text_color=&#8221;#ffffff&#8221; text_orientation=&#8221;center&#8221; max_width=&#8221;70%&#8221; max_width_tablet=&#8221;100%&#8221; max_width_phone=&#8221;&#8221; max_width_last_edited=&#8221;on|tablet&#8221; module_alignment=&#8221;center&#8221;]<\/p>\n<h4>After-sales service &#8211; Maintenance and Stallion<\/h4>\n<p>A motivated team and a network of specialists to intervene all over France. Our services range from preventative maintenance, to troubleshooting, to the complete installation of weighing set and associated automation.<\/p>\n<p>[\/et_pb_text][\/et_pb_column][\/et_pb_row][\/et_pb_section][et_pb_section fb_built=&#8221;1&#8243; _builder_version=&#8221;4.4.9&#8243;][et_pb_row column_structure=&#8221;2_5,3_5&#8243; use_custom_gutter=&#8221;on&#8221; make_equal=&#8221;on&#8221; _builder_version=&#8221;4.4.9&#8243; max_width=&#8221;900px&#8221; module_alignment=&#8221;center&#8221;][et_pb_column type=&#8221;2_5&#8243; _builder_version=&#8221;4.4.9&#8243; animation_style=&#8221;slide&#8221; animation_direction=&#8221;left&#8221; animation_duration=&#8221;1600ms&#8221; custom_css_main_element=&#8221;margin: auto;&#8221;][et_pb_text _builder_version=&#8221;4.4.9&#8243;]<\/p>\n<h2>CONTROL AND MAINTENANCE<\/h2>\n<p>[\/et_pb_text][et_pb_text _builder_version=&#8221;4.4.9&#8243;]<\/p>\n<ul>\n<li>Maintenance contracts and metrological controls<\/li>\n<li>Calibration of IPFA or IPFNA weighing devices<\/li>\n<li>Preventive detention<\/li>\n<li>Masses stallions with annual COFRAC connections.<\/li>\n<\/ul>\n<p>[\/et_pb_text][\/et_pb_column][et_pb_column type=&#8221;3_5&#8243; _builder_version=&#8221;4.4.9&#8243; animation_style=&#8221;slide&#8221; animation_direction=&#8221;right&#8221; animation_duration=&#8221;1600ms&#8221; custom_css_main_element=&#8221;margin: auto;&#8221;][et_pb_image src=&#8221;https:\/\/www.telemetrix.fr\/wp-content\/uploads\/2020\/09\/service_pesage_control_entr.jpg&#8221; title_text=&#8221;CONTROL AND MAINTENANCE&#8221; align=&#8221;center&#8221; align_tablet=&#8221;center&#8221; align_phone=&#8221;&#8221; align_last_edited=&#8221;on|tablet&#8221; _builder_version=&#8221;4.4.9&#8243; width=&#8221;64%&#8221; max_width=&#8221;64%&#8221; custom_margin_tablet=&#8221;40px||||false|false&#8221; custom_margin_phone=&#8221;&#8221; custom_margin_last_edited=&#8221;on|phone&#8221;][\/et_pb_image][\/et_pb_column][\/et_pb_row][et_pb_row column_structure=&#8221;2_5,3_5&#8243; use_custom_gutter=&#8221;on&#8221; make_equal=&#8221;on&#8221; _builder_version=&#8221;4.4.9&#8243; max_width=&#8221;900px&#8221; module_alignment=&#8221;center&#8221;][et_pb_column type=&#8221;2_5&#8243; _builder_version=&#8221;4.4.9&#8243; animation_style=&#8221;slide&#8221; animation_direction=&#8221;left&#8221; animation_duration=&#8221;1600ms&#8221;][et_pb_image src=&#8221;https:\/\/www.telemetrix.fr\/wp-content\/uploads\/2020\/09\/service_pesage_depannage.jpg&#8221; title_text=&#8221;Troubleshooting&#8221; align=&#8221;center&#8221; _builder_version=&#8221;4.4.9&#8243; width=&#8221;100%&#8221; max_width=&#8221;100%&#8221;][\/et_pb_image][\/et_pb_column][et_pb_column type=&#8221;3_5&#8243; _builder_version=&#8221;4.4.9&#8243; animation_style=&#8221;slide&#8221; animation_direction=&#8221;right&#8221; animation_duration=&#8221;1600ms&#8221; custom_css_main_element=&#8221;margin: auto;&#8221;][et_pb_text _builder_version=&#8221;4.4.9&#8243;]<\/p>\n<h2>Troubleshooting<\/h2>\n<p>[\/et_pb_text][et_pb_text _builder_version=&#8221;4.4.9&#8243;]<\/p>\n<ul>\n<li>Rapid response time.<\/li>\n<li>All marks.<\/li>\n<li>Regulated or non-legal metrology uses.<\/li>\n<\/ul>\n<p>[\/et_pb_text][\/et_pb_column][\/et_pb_row][et_pb_row column_structure=&#8221;2_5,3_5&#8243; use_custom_gutter=&#8221;on&#8221; make_equal=&#8221;on&#8221; _builder_version=&#8221;4.4.9&#8243; max_width=&#8221;900px&#8221; module_alignment=&#8221;center&#8221;][et_pb_column type=&#8221;2_5&#8243; _builder_version=&#8221;4.4.9&#8243; animation_style=&#8221;slide&#8221; animation_direction=&#8221;left&#8221; animation_duration=&#8221;1600ms&#8221; custom_css_main_element=&#8221;margin: auto;&#8221;][et_pb_text _builder_version=&#8221;4.4.9&#8243;]<\/p>\n<h2>Council<span class=\"PBSTitle\"><\/span><\/h2>\n<p>[\/et_pb_text][et_pb_text _builder_version=&#8221;4.4.9&#8243;]<\/p>\n<ul>\n<li>Installation audit across France<\/li>\n<li>Analysis of specific needs<\/li>\n<li>Study of regulated uses to be respected, maintenance conditions and metrological controls<\/li>\n<\/ul>\n<p>[\/et_pb_text][\/et_pb_column][et_pb_column type=&#8221;3_5&#8243; _builder_version=&#8221;4.4.9&#8243; animation_style=&#8221;slide&#8221; animation_direction=&#8221;right&#8221; animation_duration=&#8221;1600ms&#8221; custom_css_main_element=&#8221;margin: auto;&#8221;][et_pb_image src=&#8221;https:\/\/www.telemetrix.fr\/wp-content\/uploads\/2020\/09\/service_pesage_audit_consei.jpg&#8221; title_text=&#8221;service_pesage_audit_consei&#8221; align=&#8221;center&#8221; align_tablet=&#8221;center&#8221; align_phone=&#8221;&#8221; align_last_edited=&#8221;on|tablet&#8221; _builder_version=&#8221;4.4.9&#8243; width=&#8221;65%&#8221; custom_margin_tablet=&#8221;40px||||false|false&#8221; custom_margin_phone=&#8221;&#8221; custom_margin_last_edited=&#8221;on|phone&#8221;][\/et_pb_image][\/et_pb_column][\/et_pb_row][et_pb_row column_structure=&#8221;2_5,3_5&#8243; use_custom_gutter=&#8221;on&#8221; make_equal=&#8221;on&#8221; _builder_version=&#8221;4.4.9&#8243; max_width=&#8221;900px&#8221;][et_pb_column type=&#8221;2_5&#8243; _builder_version=&#8221;4.4.9&#8243; animation_style=&#8221;slide&#8221; animation_duration=&#8221;1600ms&#8221;][et_pb_image src=&#8221;https:\/\/www.telemetrix.fr\/wp-content\/uploads\/2020\/09\/service_pesage_parc_france.jpg&#8221; title_text=&#8221;service_pesage_parc_france&#8221; align=&#8221;center&#8221; _builder_version=&#8221;4.4.9&#8243;][\/et_pb_image][\/et_pb_column][et_pb_column type=&#8221;3_5&#8243; _builder_version=&#8221;4.4.9&#8243; animation_style=&#8221;slide&#8221; animation_direction=&#8221;right&#8221; animation_duration=&#8221;1600ms&#8221; custom_css_main_element=&#8221;margin: auto;&#8221;][et_pb_text _builder_version=&#8221;4.4.9&#8243;]<\/p>\n<h2>WEIGHING EQUIPMENT PARK MANAGEMENT  <\/h2>\n<p>[\/et_pb_text][et_pb_text _builder_version=&#8221;4.4.9&#8243;]<\/p>\n<ul>\n<li>Multi-brand all over France.<\/li>\n<li>Customer park inventories.<\/li>\n<li>Troubleshooting and preventative maintenance.<\/li>\n<li>Archive of test reports.<\/li>\n<\/ul>\n<p>[\/et_pb_text][et_pb_button button_text=&#8221;Contact us&#8221; button_alignment=&#8221;left&#8221; button_alignment_tablet=&#8221;center&#8221; button_alignment_phone=&#8221;&#8221; button_alignment_last_edited=&#8221;on|tablet&#8221; _builder_version=&#8221;4.6.2&#8243; custom_button=&#8221;on&#8221; button_text_size=&#8221;18px&#8221; button_text_color=&#8221;#ffffff&#8221; button_bg_color=&#8221;#EB9A20&#8243; button_border_color=&#8221;#EB9A20&#8243; button_border_radius=&#8221;0px&#8221; button_icon=&#8221;%%3%%&#8221; custom_padding=&#8221;|45px||45px|false|true&#8221; hover_enabled=&#8221;0&#8243; button_bg_color__hover_enabled=&#8221;on|hover&#8221; button_url=&#8221;@ET-DC@eyJkeW5hbWljIjp0cnVlLCJjb250ZW50IjoicG9zdF9saW5rX3VybF9wYWdlIiwic2V0dGluZ3MiOnsicG9zdF9pZCI6IjE1MzIifX0=@&#8221; _dynamic_attributes=&#8221;button_url&#8221; sticky_enabled=&#8221;0&#8243;][\/et_pb_button][\/et_pb_column][\/et_pb_row][\/et_pb_section]<\/p>\n","protected":false},"excerpt":{"rendered":"<p>An on-site service at all events:After-sales service &#8211; Maintenance and Stallion A motivated team and a network of specialists to intervene all over France. Our services range from preventative maintenance, to troubleshooting, to the complete installation of weighing set and associated automation.CONTROL AND MAINTENANCE Maintenance contracts and metrological controls Calibration of IPFA or IPFNA weighing [&hellip;]<\/p>\n","protected":false},"author":1,"featured_media":0,"parent":0,"menu_order":0,"comment_status":"closed","ping_status":"closed","template":"","meta":{"_et_pb_use_builder":"on","_et_pb_old_content":"","_et_gb_content_width":"","footnotes":""},"class_list":["post-2473","page","type-page","status-publish","hentry"],"yoast_head":"<!-- This site is optimized with the Yoast SEO plugin v23.8 - https:\/\/yoast.com\/wordpress\/plugins\/seo\/ -->\n<title>Our services - Telemetrix<\/title>\n<meta name=\"robots\" content=\"index, follow, max-snippet:-1, max-image-preview:large, max-video-preview:-1\" \/>\n<link rel=\"canonical\" href=\"https:\/\/www.telemetrix.fr\/en\/our-services\/\" \/>\n<meta property=\"og:locale\" content=\"en_US\" \/>\n<meta property=\"og:type\" content=\"article\" \/>\n<meta property=\"og:title\" content=\"Our services - Telemetrix\" \/>\n<meta property=\"og:description\" content=\"An on-site service at all events:After-sales service - Maintenance and Stallion A motivated team and a network of specialists to intervene all over France. Our services range from preventative maintenance, to troubleshooting, to the complete installation of weighing set and associated automation.CONTROL AND MAINTENANCE Maintenance contracts and metrological controls Calibration of IPFA or IPFNA weighing [&hellip;]\" \/>\n<meta property=\"og:url\" content=\"https:\/\/www.telemetrix.fr\/en\/our-services\/\" \/>\n<meta property=\"og:site_name\" content=\"Telemetrix\" \/>\n<meta property=\"article:publisher\" content=\"https:\/\/www.facebook.com\/Telemetrix-237166499700276\" \/>\n<meta property=\"article:modified_time\" content=\"2020-10-05T21:14:00+00:00\" \/>\n<meta name=\"twitter:card\" content=\"summary_large_image\" \/>\n<meta name=\"twitter:label1\" content=\"Est. reading time\" \/>\n\t<meta name=\"twitter:data1\" content=\"4 minutes\" \/>\n<script type=\"application\/ld+json\" class=\"yoast-schema-graph\">{\"@context\":\"https:\/\/schema.org\",\"@graph\":[{\"@type\":\"WebPage\",\"@id\":\"https:\/\/www.telemetrix.fr\/en\/our-services\/\",\"url\":\"https:\/\/www.telemetrix.fr\/en\/our-services\/\",\"name\":\"Our services - Telemetrix\",\"isPartOf\":{\"@id\":\"https:\/\/www.telemetrix.fr\/en\/#website\"},\"datePublished\":\"2020-09-17T10:30:29+00:00\",\"dateModified\":\"2020-10-05T21:14:00+00:00\",\"breadcrumb\":{\"@id\":\"https:\/\/www.telemetrix.fr\/en\/our-services\/#breadcrumb\"},\"inLanguage\":\"en-US\",\"potentialAction\":[{\"@type\":\"ReadAction\",\"target\":[\"https:\/\/www.telemetrix.fr\/en\/our-services\/\"]}]},{\"@type\":\"BreadcrumbList\",\"@id\":\"https:\/\/www.telemetrix.fr\/en\/our-services\/#breadcrumb\",\"itemListElement\":[{\"@type\":\"ListItem\",\"position\":1,\"name\":\"Accueil\",\"item\":\"https:\/\/www.telemetrix.fr\/en\/home-v2\/\"},{\"@type\":\"ListItem\",\"position\":2,\"name\":\"Our services\"}]},{\"@type\":\"WebSite\",\"@id\":\"https:\/\/www.telemetrix.fr\/en\/#website\",\"url\":\"https:\/\/www.telemetrix.fr\/en\/\",\"name\":\"Telemetrix\",\"description\":\"TeleMetrix Pesage , Dosage et Contr\u00f4le des produits en vrac dans l&#039;industrie Pesage, Contr\u00f4le, R\u00e9gulation.\",\"publisher\":{\"@id\":\"https:\/\/www.telemetrix.fr\/en\/#organization\"},\"potentialAction\":[{\"@type\":\"SearchAction\",\"target\":{\"@type\":\"EntryPoint\",\"urlTemplate\":\"https:\/\/www.telemetrix.fr\/en\/?s={search_term_string}\"},\"query-input\":{\"@type\":\"PropertyValueSpecification\",\"valueRequired\":true,\"valueName\":\"search_term_string\"}}],\"inLanguage\":\"en-US\"},{\"@type\":\"Organization\",\"@id\":\"https:\/\/www.telemetrix.fr\/en\/#organization\",\"name\":\"Telemetrix\",\"url\":\"https:\/\/www.telemetrix.fr\/en\/\",\"logo\":{\"@type\":\"ImageObject\",\"inLanguage\":\"en-US\",\"@id\":\"https:\/\/www.telemetrix.fr\/en\/#\/schema\/logo\/image\/\",\"url\":\"https:\/\/www.telemetrix.fr\/wp-content\/uploads\/2020\/06\/Logo-couleur-x2.png\",\"contentUrl\":\"https:\/\/www.telemetrix.fr\/wp-content\/uploads\/2020\/06\/Logo-couleur-x2.png\",\"width\":208,\"height\":190,\"caption\":\"Telemetrix\"},\"image\":{\"@id\":\"https:\/\/www.telemetrix.fr\/en\/#\/schema\/logo\/image\/\"},\"sameAs\":[\"https:\/\/www.facebook.com\/Telemetrix-237166499700276\",\"https:\/\/www.linkedin.com\/company\/telemetrix-sas\"]}]}<\/script>\n<!-- \/ Yoast SEO plugin. -->","yoast_head_json":{"title":"Our services - Telemetrix","robots":{"index":"index","follow":"follow","max-snippet":"max-snippet:-1","max-image-preview":"max-image-preview:large","max-video-preview":"max-video-preview:-1"},"canonical":"https:\/\/www.telemetrix.fr\/en\/our-services\/","og_locale":"en_US","og_type":"article","og_title":"Our services - Telemetrix","og_description":"An on-site service at all events:After-sales service - Maintenance and Stallion A motivated team and a network of specialists to intervene all over France. Our services range from preventative maintenance, to troubleshooting, to the complete installation of weighing set and associated automation.CONTROL AND MAINTENANCE Maintenance contracts and metrological controls Calibration of IPFA or IPFNA weighing [&hellip;]","og_url":"https:\/\/www.telemetrix.fr\/en\/our-services\/","og_site_name":"Telemetrix","article_publisher":"https:\/\/www.facebook.com\/Telemetrix-237166499700276","article_modified_time":"2020-10-05T21:14:00+00:00","twitter_card":"summary_large_image","twitter_misc":{"Est. reading time":"4 minutes"},"schema":{"@context":"https:\/\/schema.org","@graph":[{"@type":"WebPage","@id":"https:\/\/www.telemetrix.fr\/en\/our-services\/","url":"https:\/\/www.telemetrix.fr\/en\/our-services\/","name":"Our services - Telemetrix","isPartOf":{"@id":"https:\/\/www.telemetrix.fr\/en\/#website"},"datePublished":"2020-09-17T10:30:29+00:00","dateModified":"2020-10-05T21:14:00+00:00","breadcrumb":{"@id":"https:\/\/www.telemetrix.fr\/en\/our-services\/#breadcrumb"},"inLanguage":"en-US","potentialAction":[{"@type":"ReadAction","target":["https:\/\/www.telemetrix.fr\/en\/our-services\/"]}]},{"@type":"BreadcrumbList","@id":"https:\/\/www.telemetrix.fr\/en\/our-services\/#breadcrumb","itemListElement":[{"@type":"ListItem","position":1,"name":"Accueil","item":"https:\/\/www.telemetrix.fr\/en\/home-v2\/"},{"@type":"ListItem","position":2,"name":"Our services"}]},{"@type":"WebSite","@id":"https:\/\/www.telemetrix.fr\/en\/#website","url":"https:\/\/www.telemetrix.fr\/en\/","name":"Telemetrix","description":"TeleMetrix Pesage , Dosage et Contr\u00f4le des produits en vrac dans l&#039;industrie Pesage, Contr\u00f4le, R\u00e9gulation.","publisher":{"@id":"https:\/\/www.telemetrix.fr\/en\/#organization"},"potentialAction":[{"@type":"SearchAction","target":{"@type":"EntryPoint","urlTemplate":"https:\/\/www.telemetrix.fr\/en\/?s={search_term_string}"},"query-input":{"@type":"PropertyValueSpecification","valueRequired":true,"valueName":"search_term_string"}}],"inLanguage":"en-US"},{"@type":"Organization","@id":"https:\/\/www.telemetrix.fr\/en\/#organization","name":"Telemetrix","url":"https:\/\/www.telemetrix.fr\/en\/","logo":{"@type":"ImageObject","inLanguage":"en-US","@id":"https:\/\/www.telemetrix.fr\/en\/#\/schema\/logo\/image\/","url":"https:\/\/www.telemetrix.fr\/wp-content\/uploads\/2020\/06\/Logo-couleur-x2.png","contentUrl":"https:\/\/www.telemetrix.fr\/wp-content\/uploads\/2020\/06\/Logo-couleur-x2.png","width":208,"height":190,"caption":"Telemetrix"},"image":{"@id":"https:\/\/www.telemetrix.fr\/en\/#\/schema\/logo\/image\/"},"sameAs":["https:\/\/www.facebook.com\/Telemetrix-237166499700276","https:\/\/www.linkedin.com\/company\/telemetrix-sas"]}]}},"_links":{"self":[{"href":"https:\/\/www.telemetrix.fr\/en\/wp-json\/wp\/v2\/pages\/2473","targetHints":{"allow":["GET"]}}],"collection":[{"href":"https:\/\/www.telemetrix.fr\/en\/wp-json\/wp\/v2\/pages"}],"about":[{"href":"https:\/\/www.telemetrix.fr\/en\/wp-json\/wp\/v2\/types\/page"}],"author":[{"embeddable":true,"href":"https:\/\/www.telemetrix.fr\/en\/wp-json\/wp\/v2\/users\/1"}],"replies":[{"embeddable":true,"href":"https:\/\/www.telemetrix.fr\/en\/wp-json\/wp\/v2\/comments?post=2473"}],"version-history":[{"count":15,"href":"https:\/\/www.telemetrix.fr\/en\/wp-json\/wp\/v2\/pages\/2473\/revisions"}],"predecessor-version":[{"id":2713,"href":"https:\/\/www.telemetrix.fr\/en\/wp-json\/wp\/v2\/pages\/2473\/revisions\/2713"}],"wp:attachment":[{"href":"https:\/\/www.telemetrix.fr\/en\/wp-json\/wp\/v2\/media?parent=2473"}],"curies":[{"name":"wp","href":"https:\/\/api.w.org\/{rel}","templated":true}]}}